{"id":223,"date":"2019-01-25T17:32:19","date_gmt":"2019-01-25T16:32:19","guid":{"rendered":"https:\/\/leanne.be\/?page_id=223"},"modified":"2025-02-02T11:11:40","modified_gmt":"2025-02-02T10:11:40","slug":"home","status":"publish","type":"page","link":"https:\/\/leanne.be\/en\/","title":{"rendered":"Villa L\u00e9anne &#8211; G\u00eete in Namur"},"content":{"rendered":"\n<\/p>\n\n  <div class=\"banner has-hover is-full-height\" id=\"banner-1475317729\">\n          <div class=\"banner-inner fill\">\n        <div class=\"banner-bg fill\" >\n            <div class=\"bg fill bg-fill \"><\/div>\n                        <div class=\"overlay\"><\/div>            \n                    <\/div><!-- bg-layers -->\n        <div class=\"banner-layers container\">\n            <div class=\"fill banner-link\"><\/div>            \n\n   <div id=\"text-box-251211073\" class=\"text-box banner-layer text-box-circle x50 md-x0 lg-x0 y50 md-y15 lg-y15 res-text\">\n                     <div data-animate=\"fadeInUp\">           <div class=\"text dark\">\n              \n              <div class=\"text-inner text-center\">\n                  \n\n\t<div class=\"img has-hover x md-x lg-x y md-y lg-y\" id=\"image_1717135776\">\n\t\t\t\t\t\t\t\t<div class=\"img-inner dark\" >\n\t\t\t<img width=\"566\" height=\"800\" src=\"https:\/\/leanne.be\/wp-content\/uploads\/2019\/01\/gitenamur_web_logorose_transparent-566x800.gif\" class=\"attachment-large size-large\" alt=\"\" decoding=\"async\" loading=\"lazy\" srcset=\"https:\/\/leanne.be\/wp-content\/uploads\/2019\/01\/gitenamur_web_logorose_transparent-566x800.gif 566w, https:\/\/leanne.be\/wp-content\/uploads\/2019\/01\/gitenamur_web_logorose_transparent-283x400.gif 283w, https:\/\/leanne.be\/wp-content\/uploads\/2019\/01\/gitenamur_web_logorose_transparent-768x1086.gif 768w\" sizes=\"(max-width: 566px) 100vw, 566px\" \/>\t\t\t\t\t\t\n\t\t\t\t\t<\/div>\n\t\t\t\t\t\t\t\t\n<style scope=\"scope\">\n\n#image_1717135776 {\n  width: 47%;\n}\n<\/style>\n\t<\/div>\n\t\n\n<a href=\"#more\" target=\"_self\" class=\"button primary is-outline\"  style=\"border-radius:99px;\">\n    <span>Discover more<\/span>\n  <\/a>\n\n\n\n              <\/div>\n           <\/div><!-- text-box-inner -->\n       <\/div>                     \n<style scope=\"scope\">\n\n#text-box-251211073 .text {\n  background-color: rgba(255, 255, 255, 0.78);\n  font-size: 135%;\n}\n#text-box-251211073 {\n  width: 86%;\n}\n\n\n@media (min-width:550px) {\n\n  #text-box-251211073 {\n    width: 45%;\n  }\n  #text-box-251211073 .text {\n    font-size: 100%;\n  }\n\n}\n<\/style>\n    <\/div><!-- text-box -->\n \n\n        <\/div><!-- .banner-layers -->\n      <\/div><!-- .banner-inner -->\n\n            \n<style scope=\"scope\">\n\n#banner-1475317729 {\n  padding-top: 125%;\n}\n#banner-1475317729 .bg.bg-loaded {\n  background-image: url(https:\/\/leanne.be\/wp-content\/uploads\/2019\/01\/08.jpg);\n}\n#banner-1475317729 .overlay {\n  background-color: rgba(172, 104, 39, 0.2);\n}\n#banner-1475317729 .bg {\n  background-position: 59% 67%;\n}\n\n\n@media (min-width:550px) {\n\n  #banner-1475317729 {\n    padding-top: 100%;\n  }\n\n}\n<\/style>\n  <\/div><!-- .banner -->\n\n\n<div class=\"gap-element\" style=\"display:block; height:auto; padding-top:15px\" class=\"clearfix\"><\/div>\n\n<div class=\"row align-equal\" style=\"max-width:1400px\" id=\"row-1590960303\">\n\n<div class=\"col medium-10 small-12 large-10\"  ><div class=\"col-inner text-center\" style=\"background-color:rgba(84, 18, 46, 0.35);margin:0px 0px 0px 50px;\" >\n\n\n<\/div><\/div>\n<div class=\"col medium-5 small-12 large-4\"  ><div class=\"col-inner\" style=\"padding:0px 00px 0px 0px;\" >\n\n<h1 style=\"text-align: center;\">Villa L\u00e9anne<br \/>G\u00eete in Namur<\/h1>\n<p><span style=\"font-size: 110%;\">Whether it is for leasure or business, enjoy our welcoming and comfortable pied-\u00e0-terre in order to discover Namur and the region\u2026<\/span><\/p>\n<p><span style=\"font-size: 110%;\">The Villa L\u00e9anne has been built in Namur by architect Fr\u00e9d\u00e9ric L\u00e9anne in the 1920s. It is located in a quiet and charming area, at only a few minutes on foot from the train station and the city center of the Walloon capital. The house has a garden with view on the citadel.<\/span><\/p>\n<p><span style=\"font-size: 110%;\">The \u00ab g\u00eete \u00bb Villa L\u00e9anne is a nicely decorated and fully equipped flat. It is located on the ground floor, independent and accessible by a separate entrace. It is intended for a single person or a couple.<\/span><\/p>\n\n<\/div><\/div>\n<div class=\"col medium-7 small-12 large-8\"  ><div class=\"col-inner\"  >\n\n\n  <div class=\"banner has-hover hide-for-small\" id=\"banner-1770153424\">\n          <div class=\"banner-inner fill\">\n        <div class=\"banner-bg fill\" >\n            <div class=\"bg fill bg-fill \"><\/div>\n                                    \n\t<div class=\"is-border\"\n\t\tstyle=\"border-width:0px 0px 0px 0px;\">\n\t<\/div>\n                    <\/div><!-- bg-layers -->\n        <div class=\"banner-layers container\">\n            <div class=\"fill banner-link\"><\/div>            \n\n\n        <\/div><!-- .banner-layers -->\n      <\/div><!-- .banner-inner -->\n\n            \n<style scope=\"scope\">\n\n#banner-1770153424 {\n  padding-top: 600px;\n}\n#banner-1770153424 .bg.bg-loaded {\n  background-image: url(https:\/\/leanne.be\/wp-content\/uploads\/2019\/01\/gitebd-rosier-3.jpg);\n}\n#banner-1770153424 .bg {\n  background-position: 100% 0%;\n}\n<\/style>\n  <\/div><!-- .banner -->\n\n\n\n<\/div><\/div>\n\n\n<style scope=\"scope\">\n\n<\/style>\n<\/div>\n<div class=\"row align-equal\" style=\"max-width:1400px\" id=\"row-1315681027\">\n\n<div class=\"col medium-5 small-12 large-6\"  ><div class=\"col-inner\" style=\"padding:30px 0px 0px 0px;\" >\n\n\n  <div class=\"banner has-hover\" id=\"banner-1010642364\">\n          <div class=\"banner-inner fill\">\n        <div class=\"banner-bg fill\" >\n            <div class=\"bg fill bg-fill \"><\/div>\n                                    \n                    <\/div><!-- bg-layers -->\n        <div class=\"banner-layers container\">\n            <div class=\"fill banner-link\"><\/div>            \n\n\n        <\/div><!-- .banner-layers -->\n      <\/div><!-- .banner-inner -->\n\n            \n<style scope=\"scope\">\n\n#banner-1010642364 {\n  padding-top: 600px;\n}\n#banner-1010642364 .bg.bg-loaded {\n  background-image: url(https:\/\/leanne.be\/wp-content\/uploads\/2019\/01\/05.jpg);\n}\n#banner-1010642364 .bg {\n  background-position: 58% 37%;\n}\n<\/style>\n  <\/div><!-- .banner -->\n\n\n\n<\/div><\/div>\n<div class=\"col medium-7 small-12 large-6\"  ><div class=\"col-inner\"  >\n\n<h1 style=\"text-align: center;\"><span lang=\"EN-US\">Your furnished apartment<\/span><\/h1>\n<p><span style=\"font-size: 110%;\">We welcome you personally to discover a furnished apartment of 50 m\u00b2 for a single person or a couple.<\/span><\/p>\n<p><span style=\"font-size: 110%;\">You will find all the necessary comfort, starting with a kitchen equipped with ceramic plate, conventional oven and microwaves, fridge and Senseo coffee machine, as well as all the necessary to cook.<\/span><\/p>\n<p><span style=\"font-size: 110%;\">The kitchen is next to the dining room with a round table.<\/span><\/p>\n<p><span style=\"font-size: 110%;\">Relax in the living room with 100 cm flat-screen TV or in the private garden in front of the cottage.<\/span><\/p>\n<p><span style=\"font-size: 110%;\">The bathroom has a sink, a toilet and a walk-in shower, while the bedroom has a double bed (160 cm wide), a wardrobe and a desk.<\/span><\/p>\n<p><span style=\"font-size: 110%;\">Parking is easy and safe, the garage is at your disposal to store bicycles (and recharge electric bikes).<\/span><\/p>\n<p><span style=\"font-size: 110%;\">The cottage of course gives access to wifi and we prepare documentation in your language to facilitate your stay.<\/span><\/p>\n\n<\/div><\/div>\n\n\n<style scope=\"scope\">\n\n<\/style>\n<\/div>\n<div class=\"slider-wrapper relative \" id=\"slider-567351619\" >\n    <div class=\"slider slider-nav-circle slider-nav-large slider-nav-light slider-style-shadow slider-show-nav\"\n        data-flickity-options='{\n            \"cellAlign\": \"center\",\n            \"imagesLoaded\": true,\n            \"lazyLoad\": 1,\n            \"freeScroll\": false,\n            \"wrapAround\": true,\n            \"autoPlay\": 6000,\n            \"pauseAutoPlayOnHover\" : true,\n            \"prevNextButtons\": true,\n            \"contain\" : true,\n            \"adaptiveHeight\" : true,\n            \"dragThreshold\" : 10,\n            \"percentPosition\": true,\n            \"pageDots\": false,\n            \"rightToLeft\": false,\n            \"draggable\": true,\n            \"selectedAttraction\": 0.1,\n            \"parallax\" : 0,\n            \"friction\": 0.6        }'\n        >\n        \n\n\t<div class=\"img has-hover x md-x lg-x y md-y lg-y\" id=\"image_1780516098\">\n\t\t<a class=\"image-lightbox lightbox-gallery\" href=\"https:\/\/leanne.be\/wp-content\/uploads\/2019\/01\/01.jpg\" title=\"\">\t\t\t\t\t\t<div class=\"img-inner dark\" >\n\t\t\t<img width=\"1050\" height=\"700\" src=\"https:\/\/leanne.be\/wp-content\/uploads\/2019\/01\/01.jpg\" class=\"attachment-original size-original\" alt=\"\" decoding=\"async\" loading=\"lazy\" srcset=\"https:\/\/leanne.be\/wp-content\/uploads\/2019\/01\/01.jpg 1050w, https:\/\/leanne.be\/wp-content\/uploads\/2019\/01\/01-600x400.jpg 600w, https:\/\/leanne.be\/wp-content\/uploads\/2019\/01\/01-768x512.jpg 768w\" sizes=\"(max-width: 1050px) 100vw, 1050px\" \/>\t\t\t\t\t\t\n\t\t\t\t\t<\/div>\n\t\t\t\t\t\t<\/a>\t\t\n<style scope=\"scope\">\n\n#image_1780516098 {\n  width: 100%;\n}\n<\/style>\n\t<\/div>\n\t\n\n\t<div class=\"img has-hover x md-x lg-x y md-y lg-y\" id=\"image_868876096\">\n\t\t<a class=\"image-lightbox lightbox-gallery\" href=\"https:\/\/leanne.be\/wp-content\/uploads\/2019\/01\/02.jpg\" title=\"\">\t\t\t\t\t\t<div class=\"img-inner dark\" >\n\t\t\t<img width=\"1020\" height=\"680\" src=\"https:\/\/leanne.be\/wp-content\/uploads\/2019\/01\/02.jpg\" class=\"attachment-large size-large\" alt=\"\" decoding=\"async\" loading=\"lazy\" srcset=\"https:\/\/leanne.be\/wp-content\/uploads\/2019\/01\/02.jpg 1050w, https:\/\/leanne.be\/wp-content\/uploads\/2019\/01\/02-600x400.jpg 600w, https:\/\/leanne.be\/wp-content\/uploads\/2019\/01\/02-768x512.jpg 768w\" sizes=\"(max-width: 1020px) 100vw, 1020px\" \/>\t\t\t\t\t\t\n\t\t\t\t\t<\/div>\n\t\t\t\t\t\t<\/a>\t\t\n<style scope=\"scope\">\n\n#image_868876096 {\n  width: 100%;\n}\n<\/style>\n\t<\/div>\n\t\n\n\t<div class=\"img has-hover x md-x lg-x y md-y lg-y\" id=\"image_1389339095\">\n\t\t<a class=\"image-lightbox lightbox-gallery\" href=\"https:\/\/leanne.be\/wp-content\/uploads\/2019\/01\/05.jpg\" title=\"\">\t\t\t\t\t\t<div class=\"img-inner dark\" >\n\t\t\t<img width=\"1020\" height=\"680\" src=\"https:\/\/leanne.be\/wp-content\/uploads\/2019\/01\/05.jpg\" class=\"attachment-large size-large\" alt=\"\" decoding=\"async\" loading=\"lazy\" srcset=\"https:\/\/leanne.be\/wp-content\/uploads\/2019\/01\/05.jpg 1050w, https:\/\/leanne.be\/wp-content\/uploads\/2019\/01\/05-600x400.jpg 600w, https:\/\/leanne.be\/wp-content\/uploads\/2019\/01\/05-768x512.jpg 768w\" sizes=\"(max-width: 1020px) 100vw, 1020px\" \/>\t\t\t\t\t\t\n\t\t\t\t\t<\/div>\n\t\t\t\t\t\t<\/a>\t\t\n<style scope=\"scope\">\n\n#image_1389339095 {\n  width: 100%;\n}\n<\/style>\n\t<\/div>\n\t\n\n\t<div class=\"img has-hover x md-x lg-x y md-y lg-y\" id=\"image_417039051\">\n\t\t<a class=\"image-lightbox lightbox-gallery\" href=\"https:\/\/leanne.be\/wp-content\/uploads\/2019\/01\/03.jpg\" title=\"\">\t\t\t\t\t\t<div class=\"img-inner dark\" >\n\t\t\t<img width=\"1020\" height=\"680\" src=\"https:\/\/leanne.be\/wp-content\/uploads\/2019\/01\/03.jpg\" class=\"attachment-large size-large\" alt=\"\" decoding=\"async\" loading=\"lazy\" srcset=\"https:\/\/leanne.be\/wp-content\/uploads\/2019\/01\/03.jpg 1050w, https:\/\/leanne.be\/wp-content\/uploads\/2019\/01\/03-600x400.jpg 600w, https:\/\/leanne.be\/wp-content\/uploads\/2019\/01\/03-768x512.jpg 768w\" sizes=\"(max-width: 1020px) 100vw, 1020px\" \/>\t\t\t\t\t\t\n\t\t\t\t\t<\/div>\n\t\t\t\t\t\t<\/a>\t\t\n<style scope=\"scope\">\n\n#image_417039051 {\n  width: 100%;\n}\n<\/style>\n\t<\/div>\n\t\n\n\t<div class=\"img has-hover x md-x lg-x y md-y lg-y\" id=\"image_1555212589\">\n\t\t<a class=\"image-lightbox lightbox-gallery\" href=\"https:\/\/leanne.be\/wp-content\/uploads\/2019\/01\/04_v2.jpg\" title=\"\">\t\t\t\t\t\t<div class=\"img-inner dark\" >\n\t\t\t<img width=\"1004\" height=\"700\" src=\"https:\/\/leanne.be\/wp-content\/uploads\/2019\/01\/04_v2.jpg\" class=\"attachment-large size-large\" alt=\"\" decoding=\"async\" loading=\"lazy\" srcset=\"https:\/\/leanne.be\/wp-content\/uploads\/2019\/01\/04_v2.jpg 1004w, https:\/\/leanne.be\/wp-content\/uploads\/2019\/01\/04_v2-574x400.jpg 574w, https:\/\/leanne.be\/wp-content\/uploads\/2019\/01\/04_v2-768x535.jpg 768w\" sizes=\"(max-width: 1004px) 100vw, 1004px\" \/>\t\t\t\t\t\t\n\t\t\t\t\t<\/div>\n\t\t\t\t\t\t<\/a>\t\t\n<style scope=\"scope\">\n\n#image_1555212589 {\n  width: 100%;\n}\n<\/style>\n\t<\/div>\n\t\n\n\t<div class=\"img has-hover x md-x lg-x y md-y lg-y\" id=\"image_23654813\">\n\t\t\t\t\t\t\t\t<div class=\"img-inner dark\" >\n\t\t\t<img width=\"1020\" height=\"685\" src=\"https:\/\/leanne.be\/wp-content\/uploads\/2019\/01\/Picture2.png\" class=\"attachment-large size-large\" alt=\"\" decoding=\"async\" loading=\"lazy\" srcset=\"https:\/\/leanne.be\/wp-content\/uploads\/2019\/01\/Picture2.png 1042w, https:\/\/leanne.be\/wp-content\/uploads\/2019\/01\/Picture2-595x400.png 595w, https:\/\/leanne.be\/wp-content\/uploads\/2019\/01\/Picture2-768x516.png 768w\" sizes=\"(max-width: 1020px) 100vw, 1020px\" \/>\t\t\t\t\t\t\n\t\t\t\t\t<\/div>\n\t\t\t\t\t\t\t\t\n<style scope=\"scope\">\n\n#image_23654813 {\n  width: 100%;\n}\n<\/style>\n\t<\/div>\n\t\n\n\t<div class=\"img has-hover x md-x lg-x y md-y lg-y\" id=\"image_1506104154\">\n\t\t<a class=\"image-lightbox lightbox-gallery\" href=\"https:\/\/leanne.be\/wp-content\/uploads\/2019\/01\/08.jpg\" title=\"\">\t\t\t\t\t\t<div class=\"img-inner dark\" >\n\t\t\t<img width=\"1004\" height=\"700\" src=\"https:\/\/leanne.be\/wp-content\/uploads\/2019\/01\/08.jpg\" class=\"attachment-large size-large\" alt=\"\" decoding=\"async\" loading=\"lazy\" srcset=\"https:\/\/leanne.be\/wp-content\/uploads\/2019\/01\/08.jpg 1004w, https:\/\/leanne.be\/wp-content\/uploads\/2019\/01\/08-574x400.jpg 574w, https:\/\/leanne.be\/wp-content\/uploads\/2019\/01\/08-768x535.jpg 768w\" sizes=\"(max-width: 1004px) 100vw, 1004px\" \/>\t\t\t\t\t\t\n\t\t\t\t\t<\/div>\n\t\t\t\t\t\t<\/a>\t\t\n<style scope=\"scope\">\n\n#image_1506104154 {\n  width: 100%;\n}\n<\/style>\n\t<\/div>\n\t\n\n\n     <\/div>\n\n     <div class=\"loading-spin dark large centered\"><\/div>\n\n     <style scope=\"scope\">\n             <\/style>\n<\/div><!-- .ux-slider-wrapper -->\n\n\n<div class=\"row align-equal row-box-shadow-2 row-box-shadow-5-hover\"  id=\"row-7162073\">\n\n<div class=\"col medium-4 small-12 large-4\"  ><div class=\"col-inner\"  >\n\n  <div class=\"icon-box testimonial-box icon-box-center text-center\">\n                <div class=\"icon-box-img testimonial-image circle\" style=\"width: 121px\">\n                      <\/div>\n                <div class=\"icon-box-text p-last-0\">\n          <div class=\"star-rating\"><span style=\"width:100%\"><strong class=\"rating\"><\/strong><\/span><\/div>  \t\t\t\t<div class=\"testimonial-text line-height-small italic test_text first-reset last-reset is-italic\">\n            \n\n<p>Tr\u00e8s beau g\u00eete, spacieux et confortable, d\u00e9cor\u00e9 avec go\u00fbt et bien \u00e9quip\u00e9, situ\u00e9 dans une rue tr\u00e8s calme \u00e0 proximit\u00e9 de la gare et du centre de Namur. les photos sont le reflet exact de la r\u00e9alit\u00e9, pas de mauvaise surprise ! Les propri\u00e9taires sont tr\u00e8s sympas et discrets, nous reviendrons \u00e0 coup s\u00fbr ! Merci Hilde et Bertrand !<\/p>\n\n          <\/div>\n          <div class=\"testimonial-meta pt-half\">\n             <strong class=\"testimonial-name test_name\">Nanou & PH<\/strong>\n                          <span class=\"testimonial-company test_company\"><\/span>\n          <\/div>\n        <\/div>\n  <\/div><!-- .icon-box -->\n\n  \n\n<\/div><\/div>\n<div class=\"col medium-4 small-12 large-4\"  ><div class=\"col-inner\"  >\n\n  <div class=\"icon-box testimonial-box icon-box-center text-center\">\n                <div class=\"icon-box-img testimonial-image circle\" style=\"width: 121px\">\n                      <\/div>\n                <div class=\"icon-box-text p-last-0\">\n          <div class=\"star-rating\"><span style=\"width:100%\"><strong class=\"rating\"><\/strong><\/span><\/div>  \t\t\t\t<div class=\"testimonial-text line-height-small italic test_text first-reset last-reset is-italic\">\n            \n\n<p>We hebben echt genoten van ons verblijf in Namen. De gite is perfect! Super gezellig ingericht met alle nodige comfort en huiselijke sfeer. Ik was zelf weg van alle details die verwijzen naar de authenticiteit van Namen in de woning. Het boek van Christophe Deborsu was een aangename verrassing. Het heeft ons inspiratie gegeven voor ons verblijf. De eigenaars zijn prachtige mensen met een warm hart. Echt een aanrader voor wie de streek wil ontdekken!<\/p>\n\n          <\/div>\n          <div class=\"testimonial-meta pt-half\">\n             <strong class=\"testimonial-name test_name\">Thibault & Krisje<\/strong>\n                          <span class=\"testimonial-company test_company\"><\/span>\n          <\/div>\n        <\/div>\n  <\/div><!-- .icon-box -->\n\n  \n\n<\/div><\/div>\n<div class=\"col medium-4 small-12 large-4\"  ><div class=\"col-inner\"  >\n\n  <div class=\"icon-box testimonial-box icon-box-center text-center\">\n                <div class=\"icon-box-img testimonial-image circle\" style=\"width: 121px\">\n                      <\/div>\n                <div class=\"icon-box-text p-last-0\">\n          <div class=\"star-rating\"><span style=\"width:100%\"><strong class=\"rating\"><\/strong><\/span><\/div>  \t\t\t\t<div class=\"testimonial-text line-height-small italic test_text first-reset last-reset is-italic\">\n            \n\n<p>Spent a wonderful week in Namur. The apartment was great, clean and very comfortable. Bertrand and Hilde could not have been better as hosts. They were very friendly and helpful.<\/p>\n\n          <\/div>\n          <div class=\"testimonial-meta pt-half\">\n             <strong class=\"testimonial-name test_name\">Bill & Niamh<\/strong>\n                          <span class=\"testimonial-company test_company\"><\/span>\n          <\/div>\n        <\/div>\n  <\/div><!-- .icon-box -->\n\n  \n\n<\/div><\/div>\n\n\n<style scope=\"scope\">\n\n#row-7162073 > .col > .col-inner {\n  padding: 30px 30px 30px 30px;\n}\n<\/style>\n<\/div>\n<div class=\"row row-large row-full-width\"  id=\"row-1851472601\">\n\n<div class=\"col small-12 large-12\"  ><div class=\"col-inner text-right\"  >\n\n<a data-animate=\"fadeInRight\" href=\"https:\/\/leanne.be\/en\/guestbook\" target=\"_self\" class=\"button primary is-underline is-smaller lowercase\"  >\n    <span>Browse our guestbook<\/span>\n  <\/a>\n\n\n\n<\/div><\/div>\n\n\n<style scope=\"scope\">\n\n<\/style>\n<\/div>\n<span class=\"scroll-to\" data-label=\"Scroll to: #contact\" data-bullet=\"false\" data-link=\"#contact\" data-title=\"Contact\"><a name=\"contact\"><\/a><\/span>\n\n\t<section class=\"section\" id=\"section_1069912350\">\n\t\t<div class=\"bg section-bg fill bg-fill  bg-loaded\" >\n\n\t\t\t\n\t\t\t\n\t\t\t\n\n\t\t<\/div><!-- .section-bg -->\n\n\t\t<div class=\"section-content relative\">\n\t\t\t\n\n<div class=\"row\"  id=\"row-1894161690\">\n\n<div class=\"col medium-6 small-12 large-6\"  ><div class=\"col-inner text-left\"  >\n\n<h2 style=\"text-align: left;\"><span style=\"font-size: 110%;\">Acces &#038; Useful information<\/span><span style=\"font-size: 110%;\"><br \/><\/span><\/span><\/h2>\n<p style=\"text-align: left;\">\n<p style=\"text-align: left;\"><span style=\"font-size: 110%;\"><strong>Villa L\u00e9anne<\/strong><br \/>Rue L\u00e9anne 82<br \/>5000 Namur<br \/>Belgium<\/span><\/p>\n<p>The cottage is available for a minimum of two nightings and for two person maximum.<\/span><br \/>Arrivals are expected between 5pm and 8pm.<\/span><\/p>\n<div class=\"gap-element\" style=\"display:block; height:auto; padding-top:15px\" class=\"clearfix\"><\/div>\n\n\t<div class=\"img has-hover x md-x lg-x y md-y lg-y\" id=\"image_569566986\">\n\t\t\t\t\t\t\t\t<div class=\"img-inner dark\" >\n\t\t\t<img width=\"1020\" height=\"363\" src=\"https:\/\/leanne.be\/wp-content\/uploads\/2019\/01\/info-leanne.png\" class=\"attachment-large size-large\" alt=\"\" decoding=\"async\" loading=\"lazy\" srcset=\"https:\/\/leanne.be\/wp-content\/uploads\/2019\/01\/info-leanne.png 1123w, https:\/\/leanne.be\/wp-content\/uploads\/2019\/01\/info-leanne-800x285.png 800w, https:\/\/leanne.be\/wp-content\/uploads\/2019\/01\/info-leanne-768x274.png 768w\" sizes=\"(max-width: 1020px) 100vw, 1020px\" \/>\t\t\t\t\t\t\n\t\t\t\t\t<\/div>\n\t\t\t\t\t\t\t\t\n<style scope=\"scope\">\n\n#image_569566986 {\n  width: 50%;\n}\n<\/style>\n\t<\/div>\n\t\n\n<div class=\"gap-element\" style=\"display:block; height:auto; padding-top:15px\" class=\"clearfix\"><\/div>\n\n\n<\/div><\/div>\n<div class=\"col medium-6 small-12 large-6\"  ><div class=\"col-inner\"  >\n\n<h2>Contact us<\/span><\/h2>\n<p>\u00a0<\/p>\n<p>A <strong>question<\/strong> ? A request for <strong>availability<\/strong> ? A <strong>tailor-made offer <\/strong>?<\/p>\n<p><br \/>Contact us at\u00a0<a href=\"mailto:villa@leanne.be\">villa@leanne.be<\/a>!<\/p>\n\n<\/div><\/div>\n\n<\/div>\n<div class=\"row\"  id=\"row-2109142152\">\n\n<div class=\"col small-12 large-12\"  ><div class=\"col-inner\"  >\n\n<div class=\"mapouter\">\n<div class=\"gmap_canvas\"><iframe loading=\"lazy\" width=\"1080\" height=\"500\" id=\"gmap_canvas\" src=\"https:\/\/maps.google.com\/maps?q=Rue%20Leanne%2082%2C%205000&#038;t=&#038;z=15&#038;ie=UTF8&#038;iwloc=&#038;output=embed\" frameborder=\"0\" scrolling=\"no\" marginheight=\"0\" marginwidth=\"0\"><\/iframe><a href=\"https:\/\/www.pureblack.de\/wordpress-agentur\/\"><\/a><\/div>\n<style>.mapouter{text-align:right;height:500px;width:1080px;}.gmap_canvas {overflow:hidden;background:none!important;height:500px;width:1080px;}<\/style>\n<\/div>\n\n<\/div><\/div>\n<div class=\"col small-12 large-12\"  ><div class=\"col-inner text-center\" style=\"margin:0px 0px -40px 0px;\" >\n\n<div class=\"social-icons follow-icons full-width text-center\" ><span>Follow us on Facebook!<\/span><a href=\"https:\/\/www.facebook.com\/GiteVillaLeanneNamur\/\" target=\"_blank\" data-label=\"Facebook\"  rel=\"noopener noreferrer nofollow\" class=\"icon button circle is-outline facebook tooltip\" title=\"Follow on Facebook\"><i class=\"icon-facebook\" ><\/i><\/a><\/div>\n\n\n<\/div><\/div>\n\n<\/div>\n\n\t\t<\/div><!-- .section-content -->\n\n\t\t\n<style scope=\"scope\">\n\n#section_1069912350 {\n  padding-top: 30px;\n  padding-bottom: 30px;\n}\n<\/style>\n\t<\/section>\n\t\n<p>\n","protected":false},"excerpt":{"rendered":"","protected":false},"author":1,"featured_media":0,"parent":0,"menu_order":0,"comment_status":"closed","ping_status":"closed","template":"","meta":[],"translation":{"provider":"WPGlobus","version":"2.12.2","language":"en","enabled_languages":["fr","nl","en","de"],"languages":{"fr":{"title":true,"content":true,"excerpt":false},"nl":{"title":true,"content":true,"excerpt":false},"en":{"title":true,"content":true,"excerpt":false},"de":{"title":true,"content":true,"excerpt":false}}},"_links":{"self":[{"href":"https:\/\/leanne.be\/en\/wp-json\/wp\/v2\/pages\/223"}],"collection":[{"href":"https:\/\/leanne.be\/en\/wp-json\/wp\/v2\/pages"}],"about":[{"href":"https:\/\/leanne.be\/en\/wp-json\/wp\/v2\/types\/page"}],"author":[{"embeddable":true,"href":"https:\/\/leanne.be\/en\/wp-json\/wp\/v2\/users\/1"}],"replies":[{"embeddable":true,"href":"https:\/\/leanne.be\/en\/wp-json\/wp\/v2\/comments?post=223"}],"version-history":[{"count":208,"href":"https:\/\/leanne.be\/en\/wp-json\/wp\/v2\/pages\/223\/revisions"}],"predecessor-version":[{"id":945,"href":"https:\/\/leanne.be\/en\/wp-json\/wp\/v2\/pages\/223\/revisions\/945"}],"wp:attachment":[{"href":"https:\/\/leanne.be\/en\/wp-json\/wp\/v2\/media?parent=223"}],"curies":[{"name":"wp","href":"https:\/\/api.w.org\/{rel}","templated":true}]}}